{"id":19,"date":"2019-08-19T18:24:29","date_gmt":"2019-08-19T18:24:29","guid":{"rendered":"http:\/\/notepad.projectnearfuture.de\/?page_id=19"},"modified":"2019-08-19T18:24:48","modified_gmt":"2019-08-19T18:24:48","slug":"timeline","status":"publish","type":"page","link":"http:\/\/notepad.projectnearfuture.de\/?page_id=19","title":{"rendered":"Timeline"},"content":{"rendered":"\n<table class=\"wp-block-table\"><tbody><tr><td>Jahr<\/td><td>Ereignis<\/td><\/tr><tr><td>2050<\/td><td>Erste Menschen auf dem Mars.<\/td><\/tr><tr><td>2080<\/td><td>Kontakt mit Au\u00dferirdischen.<\/td><\/tr><tr><td>2085<\/td><td>Krieg mit den Au\u00dferirdischen.<\/td><\/tr><tr><td>2095<\/td><td>Die Menschen gewinnen den Krieg.<\/td><\/tr><tr><td>2101<\/td><td>Die technische Revolution durch die Au\u00dferirdischen.<\/td><\/tr><tr><td>2157<\/td><td>&nbsp;Die erste Reise aus dem Sonnensystem.<\/td><\/tr><tr><td>2183<\/td><td>Raumschiffsfriedhof entdeckt.<\/td><\/tr><tr><td>2208<\/td><td>Au\u00dfenposten im Raumschiffsfriedhof fertiggestellt.<\/td><\/tr><tr><td>2242<\/td><td>SGI stellt im Raumschiffsfriedhof die erste Raumschiffswerft fertig.<\/td><\/tr><tr><td>2276<\/td><td>Das Erste Schlachtschiff verl\u00e4sst die Raumwerft.<\/td><\/tr><tr><td>2351<\/td><td>Erster Botschafter auf Morrongo.<\/td><\/tr><\/tbody><\/table>\n","protected":false},"excerpt":{"rendered":"<p>Jahr Ereignis 2050 Erste Menschen auf dem Mars. 2080 Kontakt mit Au\u00dferirdischen. 2085 Krieg mit den Au\u00dferirdischen. 2095 Die Menschen gewinnen den Krieg. 2101 Die technische Revolution durch die Au\u00dferirdischen. 2157 &nbsp;Die erste Reise aus dem Sonnensystem. 2183 Raumschiffsfriedhof entdeckt. 2208 Au\u00dfenposten im Raumschiffsfriedhof fertiggestellt. 2242 SGI stellt im Raumschiffsfriedhof die erste Raumschiffswerft fertig. 2276 [&hellip;]<\/p>\n","protected":false},"author":1,"featured_media":0,"parent":0,"menu_order":6,"comment_status":"closed","ping_status":"closed","template":"","meta":{"footnotes":""},"class_list":["post-19","page","type-page","status-publish","hentry"],"jetpack_sharing_enabled":true,"_links":{"self":[{"href":"http:\/\/notepad.projectnearfuture.de\/index.php?rest_route=\/wp\/v2\/pages\/19","targetHints":{"allow":["GET"]}}],"collection":[{"href":"http:\/\/notepad.projectnearfuture.de\/index.php?rest_route=\/wp\/v2\/pages"}],"about":[{"href":"http:\/\/notepad.projectnearfuture.de\/index.php?rest_route=\/wp\/v2\/types\/page"}],"author":[{"embeddable":true,"href":"http:\/\/notepad.projectnearfuture.de\/index.php?rest_route=\/wp\/v2\/users\/1"}],"replies":[{"embeddable":true,"href":"http:\/\/notepad.projectnearfuture.de\/index.php?rest_route=%2Fwp%2Fv2%2Fcomments&post=19"}],"version-history":[{"count":1,"href":"http:\/\/notepad.projectnearfuture.de\/index.php?rest_route=\/wp\/v2\/pages\/19\/revisions"}],"predecessor-version":[{"id":20,"href":"http:\/\/notepad.projectnearfuture.de\/index.php?rest_route=\/wp\/v2\/pages\/19\/revisions\/20"}],"wp:attachment":[{"href":"http:\/\/notepad.projectnearfuture.de\/index.php?rest_route=%2Fwp%2Fv2%2Fmedia&parent=19"}],"curies":[{"name":"wp","href":"https:\/\/api.w.org\/{rel}","templated":true}]}}